{"id":101,"date":"2016-11-24T12:25:14","date_gmt":"2016-11-24T13:25:14","guid":{"rendered":"http:\/\/kosmetik-sophie.de\/?page_id=101"},"modified":"2016-11-24T18:42:33","modified_gmt":"2016-11-24T19:42:33","slug":"belico","status":"publish","type":"page","link":"https:\/\/kosmetik-sophie.de\/?page_id=101","title":{"rendered":"BELICO"},"content":{"rendered":"<div style=\"width: 50%; float: left;\">\n<p><span style=\"color: #800000;\"><strong>Hochwertige Pr\u00e4parate und Konzepte<\/strong><\/span><\/p>\n<p><a href=\"http:\/\/www.belico.de\">Belico Derma Concept<\/a> <span style=\"color: #800000;\">konnte bereits nach zehn Jahren \u00fcber 600 Fachkosmetikerinnen in Deutschland und in der Schweiz \u00fcberzeugen. Die mittlerweile 100 Qualit\u00e4ts- pr\u00e4parate wer\u00adden von praxiserfahrenen Kosmetikerinnen mitentwickelt, decken den gesamten Pflegebereich ab und beinhalten die zentra\u00adlen Pr\u00e4parate f\u00fcr den Dekorativbereich.<\/span><\/p>\n<p><span style=\"color: #800000;\">Die Pr\u00e4parate orientieren sich an Natur- produkten und verzichten g\u00e4nzlich auf umstrittene Chemie oder Stoffe wie Silikon und Erd\u00f6l. Die eigene BioTech-\u00adFormel sorgt f\u00fcr \u00fcberzeugende Resultate bei der Pflege, bei Hautproblemen und f\u00fcr effektives Anti\u00ad-Aging.<\/span><\/p>\n<\/div>\n<div>\n<p><span style=\"color: #800000;\"><strong>Qualit\u00e4tssicherung<\/strong><\/span><\/p>\n<p><span style=\"color: #800000;\">Um eine anerkannte Belico-\u00adFachkosmetikerin zu werden, die dann die Belico-\u00adPr\u00e4parate anwenden und verkaufen darf, muss nicht nur ein Fachausweis als Kosmetikerin vorlie\u00adgen. Ein intensives Basisseminar vermittelt das Grundwissen \u00fcber die Pr\u00e4parate, deren Wirkung und die Kosmetikerin lernt diese auch gezielt anzuwenden. Damit sichert Belico, dass die qualitativ hochwertigen Pr\u00e4parate den maximalen Wirkungserfolg bei der Kundin erzielen.<\/span><\/p>\n<p><span style=\"color: #800000;\">In Belico\u00ad-Weiterbildungsseminaren wird detailliertes Fachwissen vermittelt und Unternehmens-\u00ad und Pers\u00f6nlichkeits- entwicklung gef\u00f6rdert.<\/span><\/p>\n<\/div>\n","protected":false},"excerpt":{"rendered":"<p>Hochwertige Pr\u00e4parate und Konzepte Belico Derma Concept konnte bereits nach zehn Jahren \u00fcber 600 Fachkosmetikerinnen in Deutschland und in der Schweiz \u00fcberzeugen. Die mittlerweile 100 Qualit\u00e4ts- pr\u00e4parate wer\u00adden von praxiserfahrenen Kosmetikerinnen mitentwickelt, decken den gesamten Pflegebereich ab und beinhalten die<\/p>\n","protected":false},"author":1,"featured_media":0,"parent":0,"menu_order":0,"comment_status":"closed","ping_status":"closed","template":"","meta":{"footnotes":""},"class_list":["post-101","page","type-page","status-publish","hentry"],"_links":{"self":[{"href":"https:\/\/kosmetik-sophie.de\/index.php?rest_route=\/wp\/v2\/pages\/101","targetHints":{"allow":["GET"]}}],"collection":[{"href":"https:\/\/kosmetik-sophie.de\/index.php?rest_route=\/wp\/v2\/pages"}],"about":[{"href":"https:\/\/kosmetik-sophie.de\/index.php?rest_route=\/wp\/v2\/types\/page"}],"author":[{"embeddable":true,"href":"https:\/\/kosmetik-sophie.de\/index.php?rest_route=\/wp\/v2\/users\/1"}],"replies":[{"embeddable":true,"href":"https:\/\/kosmetik-sophie.de\/index.php?rest_route=%2Fwp%2Fv2%2Fcomments&post=101"}],"version-history":[{"count":0,"href":"https:\/\/kosmetik-sophie.de\/index.php?rest_route=\/wp\/v2\/pages\/101\/revisions"}],"wp:attachment":[{"href":"https:\/\/kosmetik-sophie.de\/index.php?rest_route=%2Fwp%2Fv2%2Fmedia&parent=101"}],"curies":[{"name":"wp","href":"https:\/\/api.w.org\/{rel}","templated":true}]}}