{"id":35,"date":"2016-11-20T10:09:56","date_gmt":"2016-11-20T11:09:56","guid":{"rendered":"http:\/\/kosmetik-sophie.de\/?page_id=35"},"modified":"2021-10-14T21:33:04","modified_gmt":"2021-10-14T19:33:04","slug":"anwendungen","status":"publish","type":"page","link":"https:\/\/kosmetik-sophie.de\/?page_id=35","title":{"rendered":"BEHANDLUNGEN"},"content":{"rendered":"<p>Flyer (Stand: 14.10.2021)<\/p>\n<table width=\"680\">\n<tbody>\n<tr>\n<td width=\"558\"><span style=\"color: #800000;\"><strong><u>BEHANDLUNGEN<\/u><\/strong><\/span><\/td>\n<td width=\"123\"><span style=\"color: #800000;\">\u00a0<\/span><\/td>\n<\/tr>\n<tr>\n<td width=\"558\"><span style=\"color: #800000;\">Lassen Sie sich in die Welt der medizinischen Bio Tech Cosmetic entf\u00fchren und erleben Sie, was mit modernsten Produkt- und Behandlungstechnologien heute in Bezug auf die Verbesserung Ihres Hautbildes m\u00f6glich ist.<\/span><\/td>\n<td width=\"123\"><span style=\"color: #800000;\">\u00a0<\/span><\/td>\n<\/tr>\n<tr>\n<td width=\"558\"><span style=\"color: #800000;\">\u00a0<\/span><\/td>\n<td width=\"123\"><span style=\"color: #800000;\">\u00a0<\/span><\/td>\n<\/tr>\n<tr>\n<td width=\"558\"><span style=\"color: #800000;\"><strong>Kosmetik Classic<\/strong><\/span><\/p>\n<p><span style=\"color: #800000;\">Klassische Kosmetikbehandlung f\u00fcr jeden Hauttyp. Nach der Hautanalyse erfolgt die Reinigung, 2 Phasen Enzympeeling, Vapozon, porentiefe Ausreinigung, Augenbrauenkorrektur, Massage, Liposomenpr\u00e4parat, Wirkstoffkonzentrat, Maske, Abschlusspflege.<\/span><\/td>\n<td width=\"123\"><span style=\"color: #800000;\">60 Min. &#8211; 79 \u20ac<\/span><\/td>\n<\/tr>\n<tr>\n<td width=\"558\"><span style=\"color: #800000;\">\u00a0<\/span><\/td>\n<td width=\"123\"><span style=\"color: #800000;\">\u00a0<\/span><\/td>\n<\/tr>\n<tr>\n<td width=\"558\"><span style=\"color: #800000;\"><strong>Kosmetik Classic Plus<\/strong><\/span><\/p>\n<p><span style=\"color: #800000;\">Klassische Kosmetikbehandlung f\u00fcr jeden Hauttyp. Nach der Hautanalyse erfolgt die Reinigung, 2 Phasen Enzympeeling, Vapozon, \u00a0porentiefe Ausreinigung, Augenbrauenkorrektur, Massage, Liposomenpr\u00e4parat, Wirkstoffkonzentrat, Maske, Abschlusspflege.<\/span><\/td>\n<td width=\"123\"><span style=\"color: #800000;\">90 Min. \u2013 110 \u20ac<\/span><\/td>\n<\/tr>\n<tr>\n<td width=\"558\"><span style=\"color: #800000;\"><strong>\u00a0<\/strong><\/span><\/td>\n<td width=\"123\"><span style=\"color: #800000;\">\u00a0<\/span><\/td>\n<\/tr>\n<tr>\n<td width=\"558\"><span style=\"color: #800000;\"><strong>Anti-Aging-Behandlung<\/strong><\/span><\/p>\n<p><span style=\"color: #800000;\">Klassische Behandlung. Im Rahmen der Masken- Blattgold, Anti-Age- Behandlung mit 24 Karat Blattgold (essbar, 99,99% Goldanteil).<\/span><\/p>\n<p><span style=\"color: #800000;\">Edelstes Gold und Anti Aging-Peptide, mit Ihrer Anti-Faltenwirkung bis 55%, regenerieren die Gewebestruktur und geben der Haut ihre Jugendlichkeit zur\u00fcck. Das Blattgold Treatment beinhaltet eine au\u00dfergew\u00f6hnliche Mikro- Massage mit Ultraschall und l\u00e4sst Sie mit allen Sinnen genie\u00dfen.<\/span><\/td>\n<td width=\"123\"><span style=\"color: #800000;\">120 Min. \u2013 119 \u20ac<\/span><\/td>\n<\/tr>\n<tr>\n<td width=\"558\"><span style=\"color: #800000;\">\u00a0<\/span><\/td>\n<td width=\"123\"><span style=\"color: #800000;\">\u00a0<\/span><\/td>\n<\/tr>\n<tr>\n<td width=\"558\"><span style=\"color: #800000;\"><strong>Anti-Aging-Behandlung Plus<\/strong><\/span><\/p>\n<p><span style=\"color: #800000;\">Nach der Hautanalyse erfolgt die Reinigung, 2 Phasen Enzympeeling, Vapozon, porentiefe Ausreinigung, Augenbrauenkorrektur, Massage, Liposomenpr\u00e4parat, Wirkstoffkonzentrat, Hyalurons\u00e4ure &#8211; Wirkstoffvlies, Ultraschall, Absclu\u00dfpflege. Hyalurons\u00e4ure \u2013 Wirkstoffvlies versorgt die Haut intensiv mit Feuchtigkeit. Inklusive Hand-Packung.<\/span><\/td>\n<td width=\"123\"><span style=\"color: #800000;\">90 Min. &#8211; 110 \u20ac<\/span><\/td>\n<\/tr>\n<tr>\n<td width=\"558\"><\/td>\n<td width=\"123\"><span style=\"color: #800000;\">\u00a0<\/span><\/td>\n<\/tr>\n<tr>\n<td width=\"558\"><span style=\"color: #800000;\"><strong>Modellage Behandlung<\/strong><\/span><\/p>\n<p><span style=\"color: #800000;\">Behandlung wie Klassische. Im Rahmen der Masken- erfolgt die spezielle BELICO Peel-Off Modellage mit Alginat- Grundlage, Marokkanisches Kamillen\u00f6l, Heidelbeerextrakt\u00a0 und Vitamin C. Sie erleben eine sofortige Beruhigung der Haut. R\u00f6tungen klingen ab, Trockenheitsf\u00e4ltchen sind sichtbar gegl\u00e4ttet, die Haut sieht entspannt, frisch und seidig aus. Inklusive Hand-\u00a0 und Fu\u00dfpackung.<\/span><\/td>\n<td width=\"123\"><span style=\"color: #800000;\">95 Min. &#8211; 115 \u20ac<\/span><\/td>\n<\/tr>\n<tr>\n<td width=\"558\"><span style=\"color: #800000;\">\u00a0<\/span><\/td>\n<td width=\"123\"><span style=\"color: #800000;\">\u00a0<\/span><\/td>\n<\/tr>\n<tr>\n<td width=\"558\"><span style=\"color: #800000;\"><strong>Herren-Gesichtsbehandlung<\/strong><\/span><\/p>\n<p><span style=\"color: #800000;\">Reinigung, 2 Phasen Peeling, Vapozon, porentiefe Ausreinigung, Entspannungsmassage, Liposomenpr\u00e4parat, Wirkstoffkonzentrat, Maske.<\/span><\/td>\n<td width=\"123\"><span style=\"color: #800000;\">60 Min. &#8211; 79 \u20ac<\/span><\/td>\n<\/tr>\n<tr>\n<td width=\"558\"><span style=\"color: #800000;\">\u00a0<\/span><\/td>\n<td width=\"123\"><span style=\"color: #800000;\">\u00a0<\/span><\/td>\n<\/tr>\n<tr>\n<td width=\"558\"><span style=\"color: #800000;\"><strong>Herren-Gesichtsbehandlung Plus<\/strong><\/span><\/p>\n<p><span style=\"color: #800000;\">Reinigung, 2 Phasen Peeling, Vapozon, porentiefe Ausreinigung, Liposomenpr\u00e4parat, Wirkstoffkonzentrat, Ultraschall, Maske.<\/span><\/td>\n<td width=\"123\"><span style=\"color: #800000;\">90 Min. &#8211; 110 \u20ac<\/span><\/td>\n<\/tr>\n<tr>\n<td width=\"558\"><span style=\"color: #800000;\">\u00a0<\/span><\/td>\n<td width=\"123\"><span style=\"color: #800000;\">\u00a0<\/span><\/td>\n<\/tr>\n<tr>\n<td width=\"558\"><span style=\"color: #800000;\"><strong><u>EFEKT- &amp; KURBEHANDLUNG<\/u><\/strong><\/span><\/td>\n<td width=\"123\"><span style=\"color: #800000;\">\u00a0<\/span><\/td>\n<\/tr>\n<tr>\n<td width=\"558\"><span style=\"color: #800000;\">\u00a0<\/span><\/td>\n<td width=\"123\"><span style=\"color: #800000;\">\u00a0<\/span><\/td>\n<\/tr>\n<tr>\n<td width=\"558\"><span style=\"color: #800000;\"><strong>Ultraschall IONTO-SONO\u00aeEffekt<\/strong><\/span><\/td>\n<td width=\"123\"><span style=\"color: #800000;\">30 \u20ac<\/span><\/td>\n<\/tr>\n<tr>\n<td width=\"558\"><span style=\"color: #800000;\">Ultraschall: Anti-Aging, Akne Behandlung, Couperose Behandlung, Narben-Behandlung, Cellulite-Behandlung<br \/>\n<\/span><\/td>\n<td width=\"123\"><span style=\"color: #800000;\">\u00a0<\/span><\/td>\n<\/tr>\n<tr>\n<td width=\"558\"><span style=\"color: #800000;\"> (innerhalb einer Behandlung buchbar)<br \/>\n<\/span><\/td>\n<td width=\"123\"><span style=\"color: #800000;\">\u00a0<\/span><\/td>\n<\/tr>\n<tr>\n<td width=\"558\"><span style=\"color: #800000;\">\u00a0<\/span><\/td>\n<td width=\"123\"><span style=\"color: #800000;\">\u00a0<\/span><\/td>\n<\/tr>\n<tr>\n<td width=\"558\"><span style=\"color: #800000;\"><strong><u>MICRONEEDLING<\/u><\/strong><\/span><\/td>\n<td width=\"123\"><span style=\"color: #800000;\">\u00a0<\/span><\/td>\n<\/tr>\n<tr>\n<td width=\"558\"><span style=\"color: #800000;\">(innerhalb einer Behandlung buchbar)<\/span><\/td>\n<td width=\"123\"><span style=\"color: #800000;\">\u00a0<\/span><\/td>\n<\/tr>\n<tr>\n<td width=\"558\"><span style=\"color: #800000;\"><strong>Microneedling Behandlung<\/strong><\/span><\/p>\n<p><span style=\"color: #800000;\">+ Microneedling<\/span><\/p>\n<p><span style=\"color: #800000;\">Microneedling &amp; Ultraschall<\/span><\/td>\n<td width=\"123\">&nbsp;<\/p>\n<p><span style=\"color: #800000;\">50 \u20ac<\/span><\/p>\n<p><span style=\"color: #800000;\">60 \u20ac<\/span><\/td>\n<\/tr>\n<tr>\n<td width=\"558\"><span style=\"color: #800000;\">\u00a0<\/span><\/td>\n<td width=\"123\"><span style=\"color: #800000;\">\u00a0<\/span><\/td>\n<\/tr>\n<tr>\n<td width=\"558\"><span style=\"color: #800000;\"><strong><u>MEDIZINISCHE ANWENDUNGEN<\/u><\/strong><\/span><\/td>\n<td width=\"123\"><span style=\"color: #800000;\">\u00a0<\/span><\/td>\n<\/tr>\n<tr>\n<td width=\"558\"><span style=\"color: #800000;\">\u00a0<\/span><\/td>\n<td width=\"123\"><span style=\"color: #800000;\">\u00a0<\/span><\/td>\n<\/tr>\n<tr>\n<td width=\"558\"><span style=\"color: #800000;\"><strong>Ausreinigung \/ Gesichtsbehandlung<\/strong><\/span><\/td>\n<td width=\"123\"><span style=\"color: #800000;\">\u00a0<\/span><\/td>\n<\/tr>\n<tr>\n<td width=\"558\"><span style=\"color: #800000;\">Nach der Hautdiagnose erfolgt die Reinigung, individuelles Peeling, porentiefe Ausreinigung, Maske, Abschlusspflege.<\/span><\/td>\n<td width=\"123\"><span style=\"color: #800000;\">45 Min. &#8211; 55 \u20ac<\/span><\/p>\n<p>&nbsp;<\/td>\n<\/tr>\n<tr>\n<td width=\"558\"><span style=\"color: #800000;\">\u00a0<\/span><\/td>\n<td width=\"123\"><span style=\"color: #800000;\">\u00a0<\/span><\/td>\n<\/tr>\n<tr>\n<td width=\"558\"><span style=\"color: #800000;\"><strong>Ausreinigung \/ R\u00fcckenbehandlung <\/strong><\/span><\/td>\n<td width=\"123\"><span style=\"color: #800000;\">\u00a0<\/span><\/td>\n<\/tr>\n<tr>\n<td width=\"558\"><span style=\"color: #800000;\">Nach der Hautdiagnose erfolgt die Reinigung, individuelles Peeling, porentiefe Ausreinigung, Maske, Abschlusspflege<\/span><\/td>\n<td width=\"123\"><span style=\"color: #800000;\">45 Min. &#8211; 55 \u20ac<\/span><\/td>\n<\/tr>\n<tr>\n<td width=\"558\"><span style=\"color: #800000;\">\u00a0<\/span><\/td>\n<td width=\"123\"><span style=\"color: #800000;\">\u00a0<\/span><\/td>\n<\/tr>\n<tr>\n<td width=\"558\"><span style=\"color: #800000;\"><strong>Rosazea Behandlung<\/strong><\/span><\/td>\n<td width=\"123\"><span style=\"color: #800000;\">\u00a0<\/span><\/td>\n<\/tr>\n<tr>\n<td width=\"558\"><span style=\"color: #800000;\">Reinigung, porentiefe Ausreinigung, Maske, Massage nach Soby zur St\u00e4rkung der Gef\u00e4\u00dfe.<\/span><\/td>\n<td width=\"123\"><span style=\"color: #800000;\">45 Min. &#8211; 62 \u20ac<\/span><\/td>\n<\/tr>\n<tr>\n<td width=\"558\"><span style=\"color: #800000;\">\u00a0<\/span><\/td>\n<td width=\"123\"><span style=\"color: #800000;\">\u00a0<\/span><\/td>\n<\/tr>\n<tr>\n<td width=\"558\"><span style=\"color: #800000;\"><strong>Wellness<\/strong><\/span><\/td>\n<td width=\"123\"><span style=\"color: #800000;\">\u00a0<\/span><\/td>\n<\/tr>\n<tr>\n<td width=\"558\"><span style=\"color: #800000;\">R\u00fccken &amp; Nacken Massage mit Argan-Lotus-Ingwer-\u00d6I<\/span><\/p>\n<p><span style=\"color: #800000;\">Zur Einleitung Fu\u00dfbad und Peeling, R\u00fcckenpeeling, hei\u00dfe Kompresse<\/span><\/td>\n<td width=\"123\"><span style=\"color: #800000;\">3o Min. &#8211; 55 \u20ac<\/span><\/td>\n<\/tr>\n<tr>\n<td width=\"558\"><span style=\"color: #800000;\">\u00a0<\/span><\/td>\n<td width=\"123\"><span style=\"color: #800000;\">\u00a0<\/span><\/td>\n<\/tr>\n<tr>\n<td width=\"558\"><span style=\"color: #800000;\"><strong>Entspannungsmassage\u00a0<\/strong><\/span><span style=\"color: #800000;\">Gesicht &amp; Dekollete<\/span><\/td>\n<td width=\"123\"><span style=\"color: #800000;\">20 Min. &#8211; 40 \u20ac<\/span><\/td>\n<\/tr>\n<tr>\n<td width=\"558\"><span style=\"color: #800000;\"><strong>Fu\u00dfmassage inkl. Fu\u00dfbad<\/strong><\/span><\/td>\n<td width=\"123\"><span style=\"color: #800000;\">3o Min. \u2013 36 \u20ac<\/span><\/td>\n<\/tr>\n<tr>\n<td width=\"558\"><span style=\"color: #800000;\"><strong>\u00a0<\/strong><\/span><\/td>\n<td width=\"123\"><span style=\"color: #800000;\">\u00a0<\/span><\/td>\n<\/tr>\n<tr>\n<td width=\"558\"><span style=\"color: #800000;\"><strong><u>FU\u00dfPFLEGE<\/u><\/strong><\/span><\/td>\n<td width=\"123\"><span style=\"color: #800000;\">\u00a0<\/span><\/td>\n<\/tr>\n<tr>\n<td width=\"558\"><span style=\"color: #800000;\">\u00a0<\/span><\/td>\n<td width=\"123\"><span style=\"color: #800000;\">\u00a0<\/span><\/td>\n<\/tr>\n<tr>\n<td width=\"558\"><span style=\"color: #800000;\"><strong>Medizinische Fu\u00dfpflege<\/strong><\/span><\/td>\n<td width=\"123\"><span style=\"color: #800000;\">\u00a0<\/span><\/td>\n<\/tr>\n<tr>\n<td width=\"558\"><span style=\"color: #800000;\">Fu\u00dfbad, Peeling, Nagelhaut entfernen, N\u00e4gel k\u00fcrzen und in Form feilen, Hornhaut entfernen, Behandlung von H\u00fchneraugen und eingewachsenen N\u00e4geln, Abschlusspflege.<\/span><\/td>\n<td width=\"123\"><span style=\"color: #800000;\">35 \u20ac<\/span><\/td>\n<\/tr>\n<tr>\n<td width=\"558\"><span style=\"color: #800000;\">\u00a0<\/span><\/td>\n<td width=\"123\"><span style=\"color: #800000;\">\u00a0<\/span><\/td>\n<\/tr>\n<tr>\n<td width=\"558\"><span style=\"color: #800000;\"><strong>Wellness Fu\u00dfpflege<\/strong><\/span><\/td>\n<td width=\"123\"><span style=\"color: #800000;\">\u00a0<\/span><\/td>\n<\/tr>\n<tr>\n<td width=\"558\"><span style=\"color: #800000;\">Fu\u00dfbad, Peeling, Nagelhaut entfernen, N\u00e4gel k\u00fcrzen und in Form feilen, Hornhaut entfernen, Maske &amp; entspannende Fu\u00dfmassage, Abschlusspflege.<\/span><\/td>\n<td width=\"123\"><span style=\"color: #800000;\">55 \u20ac<\/span><\/td>\n<\/tr>\n<tr>\n<td width=\"558\"><span style=\"color: #800000;\">\u00a0<\/span><\/td>\n<td width=\"123\"><span style=\"color: #800000;\">\u00a0<\/span><\/td>\n<\/tr>\n<tr>\n<td width=\"558\"><span style=\"color: #800000;\"><strong><u>HANDPFLEGE<\/u><\/strong><\/span><\/td>\n<td width=\"123\"><span style=\"color: #800000;\">\u00a0<\/span><\/td>\n<\/tr>\n<tr>\n<td width=\"558\"><span style=\"color: #800000;\">\u00a0<\/span><\/td>\n<td width=\"123\"><span style=\"color: #800000;\">\u00a0<\/span><\/td>\n<\/tr>\n<tr>\n<td width=\"558\"><span style=\"color: #800000;\"><strong>Klassische Manik\u00fcre<\/strong><\/span><\/td>\n<td width=\"123\"><span style=\"color: #800000;\">\u00a0<\/span><\/td>\n<\/tr>\n<tr>\n<td width=\"558\"><span style=\"color: #800000;\">N\u00e4gel kurzen in Form feilen, Handbad, Peeling, Nagelhaut entfernen, Absclu\u00dfpflege.<\/span><\/td>\n<td width=\"123\"><span style=\"color: #800000;\">35 \u20ac<\/span><\/td>\n<\/tr>\n<tr>\n<td width=\"558\"><span style=\"color: #800000;\">\u00a0<\/span><\/td>\n<td width=\"123\"><span style=\"color: #800000;\">\u00a0<\/span><\/td>\n<\/tr>\n<tr>\n<td width=\"558\"><span style=\"color: #800000;\"><strong>Wellness Manik\u00fcre<\/strong><\/span><\/td>\n<td width=\"123\"><span style=\"color: #800000;\">\u00a0<\/span><\/td>\n<\/tr>\n<tr>\n<td width=\"558\"><span style=\"color: #800000;\">N\u00e4gel kurzen in Form feilen, Handbad, Peeling, Nagelhaut entfernen, Maske, Absclu\u00dfpflege.<\/span><\/td>\n<td width=\"123\"><span style=\"color: #800000;\">45 \u20ac<\/span><\/td>\n<\/tr>\n<tr>\n<td width=\"558\"><span style=\"color: #800000;\">\u00a0<\/span><\/td>\n<td width=\"123\"><span style=\"color: #800000;\">\u00a0<\/span><\/td>\n<\/tr>\n<tr>\n<td style=\"border: 0px; width: 558;\"><span style=\"color: #800000;\"><em>Alle Behandlungen k\u00f6nnen mit folgenden Extras erg\u00e4nzt werden:<\/em><\/span><\/td>\n<td style=\"border: 0px; width: 123;\"><span style=\"color: #800000;\">\u00a0<\/span><\/td>\n<\/tr>\n<tr>\n<td style=\"border: 0px; width: 558;\"><span style=\"color: #800000;\"><u>Pflanzliche Farbe:<\/u><\/span><\/td>\n<td style=\"border: 0px; width: 123;\"><span style=\"color: #800000;\">\u00a0<\/span><\/td>\n<\/tr>\n<tr>\n<td style=\"border: 0px; width: 558;\"><span style=\"color: #800000;\">Wimpern f\u00e4rben<\/span><\/td>\n<td style=\"border: 0px; width: 123;\"><span style=\"color: #800000;\">\u00a012 \u20ac<\/span><\/td>\n<\/tr>\n<tr>\n<td style=\"border: 0px; width: 558;\"><span style=\"color: #800000;\">Augenbrauen f\u00e4rben<\/span><\/td>\n<td style=\"border: 0px; width: 123;\"><span style=\"color: #800000;\">\u00a09 \u20ac<\/span><\/td>\n<\/tr>\n<tr>\n<td style=\"border: 0px; width: 558;\"><span style=\"color: #800000;\">Augenbrauen modellieren<\/span><\/td>\n<td style=\"border: 0px; width: 123;\"><span style=\"color: #800000;\">\u00a019\u20ac<\/span><\/td>\n<\/tr>\n<tr>\n<td style=\"border: 0px; width: 558;\"><span style=\"color: #800000;\">Wimpernlifting<\/span><\/td>\n<td style=\"border: 0px; width: 123;\"><span style=\"color: #800000;\">\u00a050 \u20ac<\/span><\/td>\n<\/tr>\n<tr>\n<td style=\"border: 0px; width: 558;\"><span style=\"color: #800000;\">Paraffinbad inkl. Peeling &amp; Intensive Pflege<\/span><\/td>\n<td style=\"border: 0px; width: 123;\"><span style=\"color: #800000;\">\u00a030 \u20ac<\/span><\/td>\n<\/tr>\n<tr>\n<td style=\"border: 0px; width: 558;\"><span style=\"color: #800000;\">Waxing &#8211; Oberlippe\/Kinn<\/span><\/td>\n<td style=\"border: 0px; width: 123;\"><span style=\"color: #800000;\">\u00a014 \u20ac<\/span><\/td>\n<\/tr>\n<tr>\n<td style=\"border: 0px; width: 558;\"><span style=\"color: #800000;\">Alginat Masken<\/span><\/td>\n<td style=\"border: 0px; width: 123;\"><span style=\"color: #800000;\">\u00a015 \u20ac<\/span><\/td>\n<\/tr>\n<tr>\n<td style=\"border: 0px; width: 558;\"><span style=\"color: #800000;\">Wirkstoffvlies Masken<\/span><\/td>\n<td style=\"border: 0px; width: 123;\"><span style=\"color: #800000;\">\u00a012 \u20ac<\/span><\/td>\n<\/tr>\n<\/tbody>\n<\/table>\n<p>&nbsp;<\/p>\n<p>&nbsp;<\/p>\n","protected":false},"excerpt":{"rendered":"<p>Flyer (Stand: 14.10.2021) BEHANDLUNGEN \u00a0 Lassen Sie sich in die Welt der medizinischen Bio Tech Cosmetic entf\u00fchren und erleben Sie, was mit modernsten Produkt- und Behandlungstechnologien heute in Bezug auf die Verbesserung Ihres Hautbildes m\u00f6glich ist. \u00a0 \u00a0 \u00a0 Kosmetik<\/p>\n","protected":false},"author":1,"featured_media":0,"parent":0,"menu_order":0,"comment_status":"closed","ping_status":"closed","template":"","meta":{"footnotes":""},"class_list":["post-35","page","type-page","status-publish","hentry"],"_links":{"self":[{"href":"https:\/\/kosmetik-sophie.de\/index.php?rest_route=\/wp\/v2\/pages\/35","targetHints":{"allow":["GET"]}}],"collection":[{"href":"https:\/\/kosmetik-sophie.de\/index.php?rest_route=\/wp\/v2\/pages"}],"about":[{"href":"https:\/\/kosmetik-sophie.de\/index.php?rest_route=\/wp\/v2\/types\/page"}],"author":[{"embeddable":true,"href":"https:\/\/kosmetik-sophie.de\/index.php?rest_route=\/wp\/v2\/users\/1"}],"replies":[{"embeddable":true,"href":"https:\/\/kosmetik-sophie.de\/index.php?rest_route=%2Fwp%2Fv2%2Fcomments&post=35"}],"version-history":[{"count":0,"href":"https:\/\/kosmetik-sophie.de\/index.php?rest_route=\/wp\/v2\/pages\/35\/revisions"}],"wp:attachment":[{"href":"https:\/\/kosmetik-sophie.de\/index.php?rest_route=%2Fwp%2Fv2%2Fmedia&parent=35"}],"curies":[{"name":"wp","href":"https:\/\/api.w.org\/{rel}","templated":true}]}}