{"id":51,"date":"2016-11-20T10:08:09","date_gmt":"2016-11-20T11:08:09","guid":{"rendered":"http:\/\/kosmetik-sophie.de\/?page_id=51"},"modified":"2021-05-30T12:53:25","modified_gmt":"2021-05-30T10:53:25","slug":"ueber-uns","status":"publish","type":"page","link":"https:\/\/kosmetik-sophie.de\/?page_id=51","title":{"rendered":"\u00dcBER UNS"},"content":{"rendered":"<p><span style=\"color: #800000;\"><br \/>\n<img loading=\"lazy\" decoding=\"async\" class=\" wp-image-340 alignright\" src=\"https:\/\/kosmetik-sophie.de\/wp-content\/uploads\/2017\/01\/KosmetikSophie_DLD_13-300x200.jpg\" alt=\"\" width=\"275\" height=\"184\" srcset=\"https:\/\/kosmetik-sophie.de\/wp-content\/uploads\/2017\/01\/KosmetikSophie_DLD_13-300x200.jpg 300w, https:\/\/kosmetik-sophie.de\/wp-content\/uploads\/2017\/01\/KosmetikSophie_DLD_13-600x400.jpg 600w, https:\/\/kosmetik-sophie.de\/wp-content\/uploads\/2017\/01\/KosmetikSophie_DLD_13-768x512.jpg 768w, https:\/\/kosmetik-sophie.de\/wp-content\/uploads\/2017\/01\/KosmetikSophie_DLD_13-1024x683.jpg 1024w, https:\/\/kosmetik-sophie.de\/wp-content\/uploads\/2017\/01\/KosmetikSophie_DLD_13.jpg 1920w\" sizes=\"auto, (max-width: 275px) 100vw, 275px\" \/>Der moderne Kosmetiksalon \u201cKosmetik-Sophie\u201d in der Schwenckestra\u00dfe 56, in Hamburg Eimsb\u00fcttel \u00fcberzeugt mit einem breiten Angebot von<br \/>\nklassischen Kosmetikbehandlungen f\u00fcr jeden Hauttyp, Entspannungs- und Anti Aging Behandlungen, sowie Anwendungen mit modernen Ger\u00e4ten der apparativen Kosmetik wie Microneedling und<br \/>\nUltraschall.<\/span><\/p>\n<p>&nbsp;<\/p>\n<p><span style=\"color: #800000;\"><img loading=\"lazy\" decoding=\"async\" class=\" wp-image-335 alignright\" src=\"https:\/\/kosmetik-sophie.de\/wp-content\/uploads\/2017\/01\/KosmetikSophie_DLD_0-300x200.jpg\" alt=\"\" width=\"275\" height=\"183\" srcset=\"https:\/\/kosmetik-sophie.de\/wp-content\/uploads\/2017\/01\/KosmetikSophie_DLD_0-300x200.jpg 300w, https:\/\/kosmetik-sophie.de\/wp-content\/uploads\/2017\/01\/KosmetikSophie_DLD_0-600x400.jpg 600w, https:\/\/kosmetik-sophie.de\/wp-content\/uploads\/2017\/01\/KosmetikSophie_DLD_0-768x512.jpg 768w, https:\/\/kosmetik-sophie.de\/wp-content\/uploads\/2017\/01\/KosmetikSophie_DLD_0-1024x683.jpg 1024w, https:\/\/kosmetik-sophie.de\/wp-content\/uploads\/2017\/01\/KosmetikSophie_DLD_0.jpg 1920w\" sizes=\"auto, (max-width: 275px) 100vw, 275px\" \/>Das Ambiente im Studio ist fein abgestimmt, ausgesuchte Details in der<br \/>\nGestaltung, warme ansprechende Farben,<br \/>\nlassen Ihren Aufenthalt zu einem entspannten Wohlf\u00fchlereignis werden.<\/span><\/p>\n<p><span style=\"color: #800000;\"><br \/>\nIhre Finger- und Fu\u00dfn\u00e4gel bringt die staatlich anerkannte Kosmetikerin gekonnt wieder zum Gl\u00e4nzen und auch f\u00fcr Kunden mit Problemhaut wie Akne und Rosazea gibt es bei \u201cKosmetik-Sophie\u201d immer kompetente Ansprechpartner.<br \/>\n<\/span><br \/>\n<span style=\"color: #800000;\"> Die hochwertigen Pflegeprodukte von Belico Derma Concept wurden haut\u00e4rztlich gepr\u00fcft und garantieren Qualit\u00e4t f\u00fcr h\u00f6chste Anspr\u00fcche.<img loading=\"lazy\" decoding=\"async\" class=\" wp-image-336 alignright\" src=\"https:\/\/kosmetik-sophie.de\/wp-content\/uploads\/2017\/01\/KosmetikSophie_DLD_4-300x202.jpg\" alt=\"\" width=\"298\" height=\"201\" srcset=\"https:\/\/kosmetik-sophie.de\/wp-content\/uploads\/2017\/01\/KosmetikSophie_DLD_4-300x202.jpg 300w, https:\/\/kosmetik-sophie.de\/wp-content\/uploads\/2017\/01\/KosmetikSophie_DLD_4-600x404.jpg 600w, https:\/\/kosmetik-sophie.de\/wp-content\/uploads\/2017\/01\/KosmetikSophie_DLD_4-768x517.jpg 768w, https:\/\/kosmetik-sophie.de\/wp-content\/uploads\/2017\/01\/KosmetikSophie_DLD_4-1024x690.jpg 1024w, https:\/\/kosmetik-sophie.de\/wp-content\/uploads\/2017\/01\/KosmetikSophie_DLD_4.jpg 1920w\" sizes=\"auto, (max-width: 298px) 100vw, 298px\" \/><\/span><\/p>\n<p><span style=\"color: #800000;\"><br \/>\nLassen Sie sich \u00fcberzeugen und buchen Sie sich Ihren pers\u00f6nlichen Termin bei<br \/>\n\u201cKosmetik-Sophie\u201d jetzt bequem online!\u00a0<\/span><\/p>\n<p><img loading=\"lazy\" decoding=\"async\" class=\"size-medium wp-image-338 alignleft\" src=\"https:\/\/kosmetik-sophie.de\/wp-content\/uploads\/2017\/01\/KosmetikSophie_DLD_8-300x200.jpg\" alt=\"\" width=\"300\" height=\"200\" srcset=\"https:\/\/kosmetik-sophie.de\/wp-content\/uploads\/2017\/01\/KosmetikSophie_DLD_8-300x200.jpg 300w, https:\/\/kosmetik-sophie.de\/wp-content\/uploads\/2017\/01\/KosmetikSophie_DLD_8-600x400.jpg 600w, https:\/\/kosmetik-sophie.de\/wp-content\/uploads\/2017\/01\/KosmetikSophie_DLD_8-768x512.jpg 768w, https:\/\/kosmetik-sophie.de\/wp-content\/uploads\/2017\/01\/KosmetikSophie_DLD_8-1024x683.jpg 1024w, https:\/\/kosmetik-sophie.de\/wp-content\/uploads\/2017\/01\/KosmetikSophie_DLD_8.jpg 1920w\" sizes=\"auto, (max-width: 300px) 100vw, 300px\" \/><img loading=\"lazy\" decoding=\"async\" class=\"wp-image-337 alignright\" src=\"https:\/\/kosmetik-sophie.de\/wp-content\/uploads\/2017\/01\/KosmetikSophie_DLD_4_x-300x203.jpg\" alt=\"\" width=\"299\" height=\"202\" srcset=\"https:\/\/kosmetik-sophie.de\/wp-content\/uploads\/2017\/01\/KosmetikSophie_DLD_4_x-300x203.jpg 300w, https:\/\/kosmetik-sophie.de\/wp-content\/uploads\/2017\/01\/KosmetikSophie_DLD_4_x-600x407.jpg 600w, https:\/\/kosmetik-sophie.de\/wp-content\/uploads\/2017\/01\/KosmetikSophie_DLD_4_x-768x521.jpg 768w, https:\/\/kosmetik-sophie.de\/wp-content\/uploads\/2017\/01\/KosmetikSophie_DLD_4_x-1024x694.jpg 1024w, https:\/\/kosmetik-sophie.de\/wp-content\/uploads\/2017\/01\/KosmetikSophie_DLD_4_x.jpg 1920w\" sizes=\"auto, (max-width: 299px) 100vw, 299px\" \/><\/p>\n<p><img loading=\"lazy\" decoding=\"async\" class=\"size-medium wp-image-339 alignleft\" src=\"https:\/\/kosmetik-sophie.de\/wp-content\/uploads\/2017\/01\/KosmetikSophie_DLD_9-300x200.jpg\" alt=\"\" width=\"300\" height=\"200\" srcset=\"https:\/\/kosmetik-sophie.de\/wp-content\/uploads\/2017\/01\/KosmetikSophie_DLD_9-300x200.jpg 300w, https:\/\/kosmetik-sophie.de\/wp-content\/uploads\/2017\/01\/KosmetikSophie_DLD_9-600x400.jpg 600w, https:\/\/kosmetik-sophie.de\/wp-content\/uploads\/2017\/01\/KosmetikSophie_DLD_9-768x512.jpg 768w, https:\/\/kosmetik-sophie.de\/wp-content\/uploads\/2017\/01\/KosmetikSophie_DLD_9-1024x683.jpg 1024w, https:\/\/kosmetik-sophie.de\/wp-content\/uploads\/2017\/01\/KosmetikSophie_DLD_9.jpg 1920w\" sizes=\"auto, (max-width: 300px) 100vw, 300px\" \/><\/p>\n","protected":false},"excerpt":{"rendered":"<p>Der moderne Kosmetiksalon \u201cKosmetik-Sophie\u201d in der Schwenckestra\u00dfe 56, in Hamburg Eimsb\u00fcttel \u00fcberzeugt mit einem breiten Angebot von klassischen Kosmetikbehandlungen f\u00fcr jeden Hauttyp, Entspannungs- und Anti Aging Behandlungen, sowie Anwendungen mit modernen Ger\u00e4ten der apparativen Kosmetik wie Microneedling und Ultraschall. &nbsp;<\/p>\n","protected":false},"author":1,"featured_media":0,"parent":0,"menu_order":0,"comment_status":"closed","ping_status":"closed","template":"","meta":{"footnotes":""},"class_list":["post-51","page","type-page","status-publish","hentry"],"_links":{"self":[{"href":"https:\/\/kosmetik-sophie.de\/index.php?rest_route=\/wp\/v2\/pages\/51","targetHints":{"allow":["GET"]}}],"collection":[{"href":"https:\/\/kosmetik-sophie.de\/index.php?rest_route=\/wp\/v2\/pages"}],"about":[{"href":"https:\/\/kosmetik-sophie.de\/index.php?rest_route=\/wp\/v2\/types\/page"}],"author":[{"embeddable":true,"href":"https:\/\/kosmetik-sophie.de\/index.php?rest_route=\/wp\/v2\/users\/1"}],"replies":[{"embeddable":true,"href":"https:\/\/kosmetik-sophie.de\/index.php?rest_route=%2Fwp%2Fv2%2Fcomments&post=51"}],"version-history":[{"count":0,"href":"https:\/\/kosmetik-sophie.de\/index.php?rest_route=\/wp\/v2\/pages\/51\/revisions"}],"wp:attachment":[{"href":"https:\/\/kosmetik-sophie.de\/index.php?rest_route=%2Fwp%2Fv2%2Fmedia&parent=51"}],"curies":[{"name":"wp","href":"https:\/\/api.w.org\/{rel}","templated":true}]}}